{"id":1940,"date":"2024-03-13T11:09:26","date_gmt":"2024-03-13T10:09:26","guid":{"rendered":"https:\/\/lurdyhaz.hu\/masthead\/"},"modified":"2024-07-15T16:49:09","modified_gmt":"2024-07-15T14:49:09","slug":"disclaimer","status":"publish","type":"page","link":"https:\/\/lurdyhaz.hu\/en\/disclaimer\/","title":{"rendered":"Disclaimer"},"content":{"rendered":"","protected":false},"excerpt":{"rendered":"","protected":false},"author":1,"featured_media":0,"parent":0,"menu_order":0,"comment_status":"closed","ping_status":"closed","template":"","meta":{"_acf_changed":false,"footnotes":""},"class_list":["post-1940","page","type-page","status-publish","hentry"],"acf":{"flexible_content":[{"acf_fc_layout":"wysiwyg","is_full_width":false,"wysiwyg":"<h1>Disclaimer<\/h1>\r\n<strong>Website operator:<\/strong>\r\n\r\nLurdy-H\u00e1z Bev\u00e1s\u00e1rl\u00f3- \u00e9s Irodacentrum Korl\u00e1tolt Felel\u0151ss\u00e9g\u0171 T\u00e1rsas\u00e1g\r\n1097 Budapest\r\n\r\nK\u00f6nyves K\u00e1lm\u00e1n k\u00f6r\u00fat 12-14.\r\n\r\nAuthorised company directors:\r\nIngo Klaus Schalk\r\n\r\nCsaba J\u00f3zsef\r\nSzil\u00e1gyi\r\n\r\nIldik\u00f3\r\nK\u00e1lay\r\n\r\n\u00c1kos T\u00f6r\u00f6k\r\n\r\nCompany Court: the Company Court of the Metropolitan Court\r\nCompany registration number: 01-09-566490\r\nTax number: 12232079-2-43\r\nPrincipal activities: rental and operation of owned and rented real estate\r\n<strong>Type of company<\/strong>: limited liability company\r\n\r\n<strong>For general information, please send an e-mail to:<\/strong> <a href=\"mailto:info@lurdyhaz.hu\">info@lurdyhaz.hu<\/a>"}]},"yoast_head":"<!-- This site is optimized with the Yoast SEO Premium plugin v26.7 (Yoast SEO v26.7) - https:\/\/yoast.com\/wordpress\/plugins\/seo\/ -->\n<title>Disclaimer - Lurdy H\u00e1z Budapest<\/title>\n<meta name=\"robots\" content=\"index, follow, max-snippet:-1, max-image-preview:large, max-video-preview:-1\" \/>\n<link rel=\"canonical\" href=\"https:\/\/lurdyhaz.hu\/en\/disclaimer\/\" \/>\n<meta property=\"og:locale\" content=\"en_US\" \/>\n<meta property=\"og:type\" content=\"article\" \/>\n<meta property=\"og:title\" content=\"Disclaimer\" \/>\n<meta property=\"og:url\" content=\"https:\/\/lurdyhaz.hu\/en\/disclaimer\/\" \/>\n<meta property=\"og:site_name\" content=\"Lurdy H\u00e1z Budapest\" \/>\n<meta property=\"article:publisher\" content=\"https:\/\/www.facebook.com\/lurdybudapest\/\" \/>\n<meta property=\"article:modified_time\" content=\"2024-07-15T14:49:09+00:00\" \/>\n<meta name=\"twitter:card\" content=\"summary_large_image\" \/>\n<script type=\"application\/ld+json\" class=\"yoast-schema-graph\">{\"@context\":\"https:\/\/schema.org\",\"@graph\":[{\"@type\":\"WebPage\",\"@id\":\"https:\/\/lurdyhaz.hu\/en\/disclaimer\/\",\"url\":\"https:\/\/lurdyhaz.hu\/en\/disclaimer\/\",\"name\":\"Disclaimer - Lurdy H\u00e1z Budapest\",\"isPartOf\":{\"@id\":\"https:\/\/lurdyhaz.hu\/en\/#website\"},\"datePublished\":\"2024-03-13T10:09:26+00:00\",\"dateModified\":\"2024-07-15T14:49:09+00:00\",\"breadcrumb\":{\"@id\":\"https:\/\/lurdyhaz.hu\/en\/disclaimer\/#breadcrumb\"},\"inLanguage\":\"en-US\",\"potentialAction\":[{\"@type\":\"ReadAction\",\"target\":[\"https:\/\/lurdyhaz.hu\/en\/disclaimer\/\"]}]},{\"@type\":\"BreadcrumbList\",\"@id\":\"https:\/\/lurdyhaz.hu\/en\/disclaimer\/#breadcrumb\",\"itemListElement\":[{\"@type\":\"ListItem\",\"position\":1,\"name\":\"Home\",\"item\":\"https:\/\/lurdyhaz.hu\/en\/\"},{\"@type\":\"ListItem\",\"position\":2,\"name\":\"Disclaimer\"}]},{\"@type\":\"WebSite\",\"@id\":\"https:\/\/lurdyhaz.hu\/en\/#website\",\"url\":\"https:\/\/lurdyhaz.hu\/en\/\",\"name\":\"Lurdy H\u00e1z Budapest\",\"description\":\"A Lurdy H\u00e1z weboldala.\",\"publisher\":{\"@id\":\"https:\/\/lurdyhaz.hu\/en\/#organization\"},\"potentialAction\":[{\"@type\":\"SearchAction\",\"target\":{\"@type\":\"EntryPoint\",\"urlTemplate\":\"https:\/\/lurdyhaz.hu\/en\/?s={search_term_string}\"},\"query-input\":{\"@type\":\"PropertyValueSpecification\",\"valueRequired\":true,\"valueName\":\"search_term_string\"}}],\"inLanguage\":\"en-US\"},{\"@type\":\"Organization\",\"@id\":\"https:\/\/lurdyhaz.hu\/en\/#organization\",\"name\":\"Lurdy H\u00e1z Budapest\",\"url\":\"https:\/\/lurdyhaz.hu\/en\/\",\"logo\":{\"@type\":\"ImageObject\",\"inLanguage\":\"en-US\",\"@id\":\"https:\/\/lurdyhaz.hu\/en\/#\/schema\/logo\/image\/\",\"url\":\"https:\/\/lurdyhaz.hu\/wp-content\/uploads\/2025\/05\/NYARON-IS-3.png\",\"contentUrl\":\"https:\/\/lurdyhaz.hu\/wp-content\/uploads\/2025\/05\/NYARON-IS-3.png\",\"width\":1920,\"height\":664,\"caption\":\"Lurdy H\u00e1z Budapest\"},\"image\":{\"@id\":\"https:\/\/lurdyhaz.hu\/en\/#\/schema\/logo\/image\/\"},\"sameAs\":[\"https:\/\/www.facebook.com\/lurdybudapest\/\"]}]}<\/script>\n<!-- \/ Yoast SEO Premium plugin. -->","yoast_head_json":{"title":"Disclaimer - Lurdy H\u00e1z Budapest","robots":{"index":"index","follow":"follow","max-snippet":"max-snippet:-1","max-image-preview":"max-image-preview:large","max-video-preview":"max-video-preview:-1"},"canonical":"https:\/\/lurdyhaz.hu\/en\/disclaimer\/","og_locale":"en_US","og_type":"article","og_title":"Disclaimer","og_url":"https:\/\/lurdyhaz.hu\/en\/disclaimer\/","og_site_name":"Lurdy H\u00e1z Budapest","article_publisher":"https:\/\/www.facebook.com\/lurdybudapest\/","article_modified_time":"2024-07-15T14:49:09+00:00","twitter_card":"summary_large_image","schema":{"@context":"https:\/\/schema.org","@graph":[{"@type":"WebPage","@id":"https:\/\/lurdyhaz.hu\/en\/disclaimer\/","url":"https:\/\/lurdyhaz.hu\/en\/disclaimer\/","name":"Disclaimer - Lurdy H\u00e1z Budapest","isPartOf":{"@id":"https:\/\/lurdyhaz.hu\/en\/#website"},"datePublished":"2024-03-13T10:09:26+00:00","dateModified":"2024-07-15T14:49:09+00:00","breadcrumb":{"@id":"https:\/\/lurdyhaz.hu\/en\/disclaimer\/#breadcrumb"},"inLanguage":"en-US","potentialAction":[{"@type":"ReadAction","target":["https:\/\/lurdyhaz.hu\/en\/disclaimer\/"]}]},{"@type":"BreadcrumbList","@id":"https:\/\/lurdyhaz.hu\/en\/disclaimer\/#breadcrumb","itemListElement":[{"@type":"ListItem","position":1,"name":"Home","item":"https:\/\/lurdyhaz.hu\/en\/"},{"@type":"ListItem","position":2,"name":"Disclaimer"}]},{"@type":"WebSite","@id":"https:\/\/lurdyhaz.hu\/en\/#website","url":"https:\/\/lurdyhaz.hu\/en\/","name":"Lurdy H\u00e1z Budapest","description":"A Lurdy H\u00e1z weboldala.","publisher":{"@id":"https:\/\/lurdyhaz.hu\/en\/#organization"},"potentialAction":[{"@type":"SearchAction","target":{"@type":"EntryPoint","urlTemplate":"https:\/\/lurdyhaz.hu\/en\/?s={search_term_string}"},"query-input":{"@type":"PropertyValueSpecification","valueRequired":true,"valueName":"search_term_string"}}],"inLanguage":"en-US"},{"@type":"Organization","@id":"https:\/\/lurdyhaz.hu\/en\/#organization","name":"Lurdy H\u00e1z Budapest","url":"https:\/\/lurdyhaz.hu\/en\/","logo":{"@type":"ImageObject","inLanguage":"en-US","@id":"https:\/\/lurdyhaz.hu\/en\/#\/schema\/logo\/image\/","url":"https:\/\/lurdyhaz.hu\/wp-content\/uploads\/2025\/05\/NYARON-IS-3.png","contentUrl":"https:\/\/lurdyhaz.hu\/wp-content\/uploads\/2025\/05\/NYARON-IS-3.png","width":1920,"height":664,"caption":"Lurdy H\u00e1z Budapest"},"image":{"@id":"https:\/\/lurdyhaz.hu\/en\/#\/schema\/logo\/image\/"},"sameAs":["https:\/\/www.facebook.com\/lurdybudapest\/"]}]}},"_links":{"self":[{"href":"https:\/\/lurdyhaz.hu\/en\/wp-json\/wp\/v2\/pages\/1940","targetHints":{"allow":["GET"]}}],"collection":[{"href":"https:\/\/lurdyhaz.hu\/en\/wp-json\/wp\/v2\/pages"}],"about":[{"href":"https:\/\/lurdyhaz.hu\/en\/wp-json\/wp\/v2\/types\/page"}],"author":[{"embeddable":true,"href":"https:\/\/lurdyhaz.hu\/en\/wp-json\/wp\/v2\/users\/1"}],"replies":[{"embeddable":true,"href":"https:\/\/lurdyhaz.hu\/en\/wp-json\/wp\/v2\/comments?post=1940"}],"version-history":[{"count":0,"href":"https:\/\/lurdyhaz.hu\/en\/wp-json\/wp\/v2\/pages\/1940\/revisions"}],"wp:attachment":[{"href":"https:\/\/lurdyhaz.hu\/en\/wp-json\/wp\/v2\/media?parent=1940"}],"curies":[{"name":"wp","href":"https:\/\/api.w.org\/{rel}","templated":true}]}}