{"id":1935,"date":"2024-03-12T16:21:18","date_gmt":"2024-03-12T15:21:18","guid":{"rendered":"https:\/\/lurdyhaz.hu\/for-our-partners\/"},"modified":"2024-05-02T16:18:49","modified_gmt":"2024-05-02T14:18:49","slug":"for-our-partners","status":"publish","type":"page","link":"https:\/\/lurdyhaz.hu\/en\/for-our-partners\/","title":{"rendered":"For our partners"},"content":{"rendered":"","protected":false},"excerpt":{"rendered":"","protected":false},"author":1,"featured_media":0,"parent":0,"menu_order":0,"comment_status":"closed","ping_status":"closed","template":"","meta":{"_acf_changed":false,"footnotes":""},"class_list":["post-1935","page","type-page","status-publish","hentry"],"acf":{"flexible_content":[{"acf_fc_layout":"tab-navigation","title":"Rentable areas","heading_type":"h1","links":[{"link":{"title":"Rentable offices","url":"https:\/\/lurdyhaz.hu\/en\/for-our-partners\/offices-for-rent\/","target":""}},{"link":{"title":"Rentable stores","url":"https:\/\/lurdyhaz.hu\/en\/for-our-partners\/shops-for-rent\/","target":""}}]},{"acf_fc_layout":"wysiwyg","is_full_width":false,"wysiwyg":"Lurdy House Shopping and Office Centre offers easy access and excellent value for <a href=\"https:\/\/lurdyhaz.hu\/en\/for-our-partners\/offices-for-rent\/\">offices<\/a> and <a href=\"https:\/\/lurdyhaz.hu\/en\/for-our-partners\/shops-for-rent\/\">retail space<\/a> for existing and prospective tenants.\r\n\r\nWe also offer a wide range of services, shops, restaurants and a conference centre, as well as surface and underground parking on a total of around 37,000 m2 for our visitors and tenants.\r\n\r\nWe offer warehousing in Albertfalva with different areas, excellent access and adaptable premises.\r\n\r\nCurrently, 90% of our shops, 95% of our offices and approximately 95% of our warehouses have been rented out, and we are looking forward to hearing from future partners!\r\n\r\nInformation about renting:\r\n\r\n06 1 456 1200\r\n\r\n<a href=\"mailto:sales@lurdyhaz.hu\">sales@lurdyhaz.hu<\/a>\r\n\r\n<strong>Information about renting<\/strong>\r\n\r\nThank you for your interest! Please download our <a href=\"https:\/\/lurdyhaz.hu\/static\/upload\/berlet-informacios-lap.doc\">rental information<\/a> form, fill it in and send it to <a href=\"mailto:sales@lurdyhaz.hu\">sales@lurdyhaz.hu<\/a> so that we can show you the most suitable rental area for your needs.\r\n\r\nThe location of Lurdy House is extremely advantageous, as it successfully combines three well-established commercial establishments with the nearby department stores. Commercial facilities in and around Lurdy House:\r\n\r\n- plaza-type shopping, service and entertainment centre,\r\n- multiplex cinema,\r\n- hypermarket,\r\n- retail park\r\n- office building.\r\n\r\nThe supermarket in the centre offers shoppers a convenient and affordable place to do their daily shopping. The popular Praktiker DIY store is located in the immediate vicinity of Lurdy House, which enjoys a high turnover and a regular and considerable number of visitors. The plaza-style shopping and entertainment centre offers a range of big brand name fashion stores. Entertainment is enhanced and made unique not only by the cinema, but also by the ever-changing offer of the renewed conference and events centre.\r\n\r\nThe centre offers a wide range of services all in one place: laundry and key copying, optics, mobile phone service, bank, post office, currency exchange and lottery. Key tenants: ALDI, SPAR, LURDY MOZI, dm (Drogerie Markt), Rossmann, McDonald's, KFC, CCC, DEICHMANN, GALAXY GAMES STORE, SCITEC GOLD FITNESS CENTER 0-24, Solarium, Saxoo, OTP, UniCredit, Yettel, Post Office, L\u00edra, Lurdy Events Centre, H\u00c1DA, KIK, Pepco, Office Depot, AlphaZoo, Pharmacy, Rentauto car rental, Mon Cr\u00e9mi, Frei Caf\u00e9, Thai Massage Centre, Barber Shop, as well as a ladies hair salon, BAB climbing wall and 12 restaurants in the dining courtyard with international offerings.\r\nGet to know us!\r\n\r\nThe Lurdy House is one of the most famous shopping centres in Budapest. The centre currently has over 100 shops to choose from, a number that is set to increase significantly in the near future. The shopping centre and the offices are continuously renewing their interiors and offer effective marketing communication activities. We hope that the renewed Lurdy House will further attract visitors with its attractive appearance, services and numerous events. We look forward to making a visit to Lurdy House a part of everyday life for people living in the area and further afield.\r\n\r\nA real attraction!\r\n\r\nAccording to the latest statistics, the population of the IX district is approximately 60 000. The purchasing power index for the district is 127, which is significantly higher than the national average of 100. The Lurdy House is a facility serving the South-Pest region and its catchment area also includes municipalities south of the capital. The catchment area of the shopping centre in the southern districts is 558 000 people. For the southern part of Pest County, this figure rises by a further 470 000 people, giving a 30-40 minute catchment area of more than 1 000 000 people within the Lurdy House.\r\n\r\nThe district where Lurdy House is located is one of the most dynamically developing areas of Budapest. A successful, internationally recognised redevelopment has renewed the district's building stock, with a succession of firewalls and derelict buildings disappearing. By 2002, the district government had spent some HUF 6 billion and the capital city HUF 800 million on revitalising the area. Contractors have invested several times that amount, more than seventeen billion forints. The huge investment has also brought a number of other positive changes. Not only have the residential buildings and public spaces been renewed, but the age composition of the area has also been significantly rejuvenated."}]},"yoast_head":"<!-- This site is optimized with the Yoast SEO Premium plugin v26.7 (Yoast SEO v26.7) - https:\/\/yoast.com\/wordpress\/plugins\/seo\/ -->\n<title>For our partners - Lurdy H\u00e1z Budapest<\/title>\n<meta name=\"robots\" content=\"index, follow, max-snippet:-1, max-image-preview:large, max-video-preview:-1\" \/>\n<link rel=\"canonical\" href=\"https:\/\/lurdyhaz.hu\/en\/for-our-partners\/\" \/>\n<meta property=\"og:locale\" content=\"en_US\" \/>\n<meta property=\"og:type\" content=\"article\" \/>\n<meta property=\"og:title\" content=\"For our partners\" \/>\n<meta property=\"og:url\" content=\"https:\/\/lurdyhaz.hu\/en\/for-our-partners\/\" \/>\n<meta property=\"og:site_name\" content=\"Lurdy H\u00e1z Budapest\" \/>\n<meta property=\"article:publisher\" content=\"https:\/\/www.facebook.com\/lurdybudapest\/\" \/>\n<meta property=\"article:modified_time\" content=\"2024-05-02T14:18:49+00:00\" \/>\n<meta name=\"twitter:card\" content=\"summary_large_image\" \/>\n<script type=\"application\/ld+json\" class=\"yoast-schema-graph\">{\"@context\":\"https:\/\/schema.org\",\"@graph\":[{\"@type\":\"WebPage\",\"@id\":\"https:\/\/lurdyhaz.hu\/en\/for-our-partners\/\",\"url\":\"https:\/\/lurdyhaz.hu\/en\/for-our-partners\/\",\"name\":\"For our partners - Lurdy H\u00e1z Budapest\",\"isPartOf\":{\"@id\":\"https:\/\/lurdyhaz.hu\/en\/#website\"},\"datePublished\":\"2024-03-12T15:21:18+00:00\",\"dateModified\":\"2024-05-02T14:18:49+00:00\",\"breadcrumb\":{\"@id\":\"https:\/\/lurdyhaz.hu\/en\/for-our-partners\/#breadcrumb\"},\"inLanguage\":\"en-US\",\"potentialAction\":[{\"@type\":\"ReadAction\",\"target\":[\"https:\/\/lurdyhaz.hu\/en\/for-our-partners\/\"]}]},{\"@type\":\"BreadcrumbList\",\"@id\":\"https:\/\/lurdyhaz.hu\/en\/for-our-partners\/#breadcrumb\",\"itemListElement\":[{\"@type\":\"ListItem\",\"position\":1,\"name\":\"Home\",\"item\":\"https:\/\/lurdyhaz.hu\/en\/\"},{\"@type\":\"ListItem\",\"position\":2,\"name\":\"For our partners\"}]},{\"@type\":\"WebSite\",\"@id\":\"https:\/\/lurdyhaz.hu\/en\/#website\",\"url\":\"https:\/\/lurdyhaz.hu\/en\/\",\"name\":\"Lurdy H\u00e1z Budapest\",\"description\":\"A Lurdy H\u00e1z weboldala.\",\"publisher\":{\"@id\":\"https:\/\/lurdyhaz.hu\/en\/#organization\"},\"potentialAction\":[{\"@type\":\"SearchAction\",\"target\":{\"@type\":\"EntryPoint\",\"urlTemplate\":\"https:\/\/lurdyhaz.hu\/en\/?s={search_term_string}\"},\"query-input\":{\"@type\":\"PropertyValueSpecification\",\"valueRequired\":true,\"valueName\":\"search_term_string\"}}],\"inLanguage\":\"en-US\"},{\"@type\":\"Organization\",\"@id\":\"https:\/\/lurdyhaz.hu\/en\/#organization\",\"name\":\"Lurdy H\u00e1z Budapest\",\"url\":\"https:\/\/lurdyhaz.hu\/en\/\",\"logo\":{\"@type\":\"ImageObject\",\"inLanguage\":\"en-US\",\"@id\":\"https:\/\/lurdyhaz.hu\/en\/#\/schema\/logo\/image\/\",\"url\":\"https:\/\/lurdyhaz.hu\/wp-content\/uploads\/2025\/05\/NYARON-IS-3.png\",\"contentUrl\":\"https:\/\/lurdyhaz.hu\/wp-content\/uploads\/2025\/05\/NYARON-IS-3.png\",\"width\":1920,\"height\":664,\"caption\":\"Lurdy H\u00e1z Budapest\"},\"image\":{\"@id\":\"https:\/\/lurdyhaz.hu\/en\/#\/schema\/logo\/image\/\"},\"sameAs\":[\"https:\/\/www.facebook.com\/lurdybudapest\/\"]}]}<\/script>\n<!-- \/ Yoast SEO Premium plugin. -->","yoast_head_json":{"title":"For our partners - Lurdy H\u00e1z Budapest","robots":{"index":"index","follow":"follow","max-snippet":"max-snippet:-1","max-image-preview":"max-image-preview:large","max-video-preview":"max-video-preview:-1"},"canonical":"https:\/\/lurdyhaz.hu\/en\/for-our-partners\/","og_locale":"en_US","og_type":"article","og_title":"For our partners","og_url":"https:\/\/lurdyhaz.hu\/en\/for-our-partners\/","og_site_name":"Lurdy H\u00e1z Budapest","article_publisher":"https:\/\/www.facebook.com\/lurdybudapest\/","article_modified_time":"2024-05-02T14:18:49+00:00","twitter_card":"summary_large_image","schema":{"@context":"https:\/\/schema.org","@graph":[{"@type":"WebPage","@id":"https:\/\/lurdyhaz.hu\/en\/for-our-partners\/","url":"https:\/\/lurdyhaz.hu\/en\/for-our-partners\/","name":"For our partners - Lurdy H\u00e1z Budapest","isPartOf":{"@id":"https:\/\/lurdyhaz.hu\/en\/#website"},"datePublished":"2024-03-12T15:21:18+00:00","dateModified":"2024-05-02T14:18:49+00:00","breadcrumb":{"@id":"https:\/\/lurdyhaz.hu\/en\/for-our-partners\/#breadcrumb"},"inLanguage":"en-US","potentialAction":[{"@type":"ReadAction","target":["https:\/\/lurdyhaz.hu\/en\/for-our-partners\/"]}]},{"@type":"BreadcrumbList","@id":"https:\/\/lurdyhaz.hu\/en\/for-our-partners\/#breadcrumb","itemListElement":[{"@type":"ListItem","position":1,"name":"Home","item":"https:\/\/lurdyhaz.hu\/en\/"},{"@type":"ListItem","position":2,"name":"For our partners"}]},{"@type":"WebSite","@id":"https:\/\/lurdyhaz.hu\/en\/#website","url":"https:\/\/lurdyhaz.hu\/en\/","name":"Lurdy H\u00e1z Budapest","description":"A Lurdy H\u00e1z weboldala.","publisher":{"@id":"https:\/\/lurdyhaz.hu\/en\/#organization"},"potentialAction":[{"@type":"SearchAction","target":{"@type":"EntryPoint","urlTemplate":"https:\/\/lurdyhaz.hu\/en\/?s={search_term_string}"},"query-input":{"@type":"PropertyValueSpecification","valueRequired":true,"valueName":"search_term_string"}}],"inLanguage":"en-US"},{"@type":"Organization","@id":"https:\/\/lurdyhaz.hu\/en\/#organization","name":"Lurdy H\u00e1z Budapest","url":"https:\/\/lurdyhaz.hu\/en\/","logo":{"@type":"ImageObject","inLanguage":"en-US","@id":"https:\/\/lurdyhaz.hu\/en\/#\/schema\/logo\/image\/","url":"https:\/\/lurdyhaz.hu\/wp-content\/uploads\/2025\/05\/NYARON-IS-3.png","contentUrl":"https:\/\/lurdyhaz.hu\/wp-content\/uploads\/2025\/05\/NYARON-IS-3.png","width":1920,"height":664,"caption":"Lurdy H\u00e1z Budapest"},"image":{"@id":"https:\/\/lurdyhaz.hu\/en\/#\/schema\/logo\/image\/"},"sameAs":["https:\/\/www.facebook.com\/lurdybudapest\/"]}]}},"_links":{"self":[{"href":"https:\/\/lurdyhaz.hu\/en\/wp-json\/wp\/v2\/pages\/1935","targetHints":{"allow":["GET"]}}],"collection":[{"href":"https:\/\/lurdyhaz.hu\/en\/wp-json\/wp\/v2\/pages"}],"about":[{"href":"https:\/\/lurdyhaz.hu\/en\/wp-json\/wp\/v2\/types\/page"}],"author":[{"embeddable":true,"href":"https:\/\/lurdyhaz.hu\/en\/wp-json\/wp\/v2\/users\/1"}],"replies":[{"embeddable":true,"href":"https:\/\/lurdyhaz.hu\/en\/wp-json\/wp\/v2\/comments?post=1935"}],"version-history":[{"count":0,"href":"https:\/\/lurdyhaz.hu\/en\/wp-json\/wp\/v2\/pages\/1935\/revisions"}],"wp:attachment":[{"href":"https:\/\/lurdyhaz.hu\/en\/wp-json\/wp\/v2\/media?parent=1935"}],"curies":[{"name":"wp","href":"https:\/\/api.w.org\/{rel}","templated":true}]}}