{"id":10541,"date":"2026-03-31T14:33:59","date_gmt":"2026-03-31T12:33:59","guid":{"rendered":"https:\/\/lurdyhaz.hu\/fenntarthatosagi-jelentes-lurdy-haz\/"},"modified":"2026-04-24T15:04:44","modified_gmt":"2026-04-24T13:04:44","slug":"fenntarthatosag-lurdy-haz","status":"publish","type":"page","link":"https:\/\/lurdyhaz.hu\/en\/fenntarthatosag-lurdy-haz\/","title":{"rendered":"Sustainability at Lurdy H\u00e1z"},"content":{"rendered":"","protected":false},"excerpt":{"rendered":"","protected":false},"author":3,"featured_media":0,"parent":0,"menu_order":0,"comment_status":"closed","ping_status":"closed","template":"","meta":{"_acf_changed":false,"footnotes":""},"class_list":["post-10541","page","type-page","status-publish","hentry"],"acf":{"flexible_content":[{"acf_fc_layout":"wysiwyg","is_full_width":false,"wysiwyg":"<p class=\"my-2 [&+p]:mt-4 [&_strong:has(+br)]:inline-block [&_strong:has(+br)]:pb-2\"><strong>Fenntarthat\u00f3s\u00e1g a Lurdy H\u00e1zban<\/strong><\/p>\r\n<p class=\"my-2 [&+p]:mt-4 [&_strong:has(+br)]:inline-block [&_strong:has(+br)]:pb-2\">A Lurdy H\u00e1z Budapest egyik meghat\u00e1roz\u00f3 bev\u00e1s\u00e1rl\u00f3-, iroda- \u00e9s rendezv\u00e9nyk\u00f6zpontja, amely 1998 \u00f3ta m\u0171k\u00f6dik k\u00f6zel 95 000 m\u00b2 alapter\u00fcleten. 2025-ben k\u00e9sz\u00edtett\u00fck el els\u0151 fenntarthat\u00f3s\u00e1gi jelent\u00e9s\u00fcnket, amelyben \u00e1tfog\u00f3 k\u00e9pet adunk \u00e9p\u00fclet\u00fcnk k\u00f6rnyezeti, t\u00e1rsadalmi \u00e9s v\u00e1llalatir\u00e1ny\u00edt\u00e1si teljes\u00edtm\u00e9ny\u00e9r\u0151l.<\/p>\r\n<p class=\"my-2 [&+p]:mt-4 [&_strong:has(+br)]:inline-block [&_strong:has(+br)]:pb-2\">A jelent\u00e9st a VSME (Voluntary reporting standard for SMEs) keretrendszer szerint \u00e1ll\u00edtottuk \u00f6ssze, amely az Eur\u00f3pai Fenntarthat\u00f3s\u00e1gi Jelent\u00e9st\u00e9teli Szabv\u00e1nyokkal \u00f6sszhangban, a kis- \u00e9s k\u00f6z\u00e9pv\u00e1llalkoz\u00e1sok m\u0171k\u00f6d\u00e9s\u00e9hez igaz\u00edtott ir\u00e1nyelv.<\/p>\r\n<p class=\"my-2 [&+p]:mt-4 [&_strong:has(+br)]:inline-block [&_strong:has(+br)]:pb-2\">2026 m\u00e1rcius\u00e1ban megszerezt\u00fck a BREEAM In-Use \u201eVery Good\" nemzetk\u00f6zi z\u00f6ld\u00e9p\u00fclet-min\u0151s\u00edt\u00e9st, amely igazolja, hogy a Lurdy H\u00e1z energiahat\u00e9kony, k\u00f6rnyezettudatos \u00e9s fenntarthat\u00f3 m\u00f3don m\u0171k\u00f6dik.<\/p>\r\n<p class=\"my-2 [&+p]:mt-4 [&_strong:has(+br)]:inline-block [&_strong:has(+br)]:pb-2\">A min\u0151s\u00edt\u00e9s mellett rendelkez\u00fcnk Access4you Ez\u00fcst akad\u00e1lymentess\u00e9gi tan\u00fas\u00edtv\u00e1nnyal, Superbrands d\u00edjjal, valamint csal\u00e1dbar\u00e1t \u00e9s kutyabar\u00e1t v\u00e9djeggyel.<\/p>\r\n<p class=\"my-2 [&+p]:mt-4 [&_strong:has(+br)]:inline-block [&_strong:has(+br)]:pb-2\">Fontosnak tartjuk, hogy a m\u0171k\u00f6d\u00e9s\u00fcnk k\u00f6rnyezeti hat\u00e1sait \u2014 az energiafelhaszn\u00e1l\u00e1st\u00f3l a hullad\u00e9kgazd\u00e1lkod\u00e1son \u00e1t a v\u00edzhaszn\u00e1latig \u2014 \u00e1tl\u00e1that\u00f3an kezelj\u00fck \u00e9s \u00e9vente besz\u00e1moljunk eredm\u00e9nyeinkr\u0151l. A fenntarthat\u00f3s\u00e1gi jelent\u00e9s let\u00f6lthet\u0151 az al\u00e1bbi linkr\u0151l:<\/p>\r\n<a href=\"https:\/\/lurdyhaz.hu\/wp-content\/uploads\/2026\/03\/Lurdy-Haz-Fenntarthatosagi-Jelentes-2025.pdf\">Lurdy H\u00e1z Fenntarthat\u00f3s\u00e1gi jelent\u00e9s 2025<\/a>"}]},"yoast_head":"<!-- This site is optimized with the Yoast SEO Premium plugin v26.7 (Yoast SEO v26.7) - https:\/\/yoast.com\/wordpress\/plugins\/seo\/ -->\n<title>Sustainability at Lurdy H\u00e1z - Lurdy H\u00e1z Budapest<\/title>\n<meta name=\"robots\" content=\"index, follow, max-snippet:-1, max-image-preview:large, max-video-preview:-1\" \/>\n<link rel=\"canonical\" href=\"https:\/\/lurdyhaz.hu\/en\/fenntarthatosag-lurdy-haz\/\" \/>\n<meta property=\"og:locale\" content=\"en_US\" \/>\n<meta property=\"og:type\" content=\"article\" \/>\n<meta property=\"og:title\" content=\"Sustainability at Lurdy H\u00e1z\" \/>\n<meta property=\"og:url\" content=\"https:\/\/lurdyhaz.hu\/en\/fenntarthatosag-lurdy-haz\/\" \/>\n<meta property=\"og:site_name\" content=\"Lurdy H\u00e1z Budapest\" \/>\n<meta property=\"article:publisher\" content=\"https:\/\/www.facebook.com\/lurdybudapest\/\" \/>\n<meta property=\"article:modified_time\" content=\"2026-04-24T13:04:44+00:00\" \/>\n<meta name=\"twitter:card\" content=\"summary_large_image\" \/>\n<script type=\"application\/ld+json\" class=\"yoast-schema-graph\">{\"@context\":\"https:\/\/schema.org\",\"@graph\":[{\"@type\":\"WebPage\",\"@id\":\"https:\/\/lurdyhaz.hu\/en\/fenntarthatosag-lurdy-haz\/\",\"url\":\"https:\/\/lurdyhaz.hu\/en\/fenntarthatosag-lurdy-haz\/\",\"name\":\"Sustainability at Lurdy H\u00e1z - Lurdy H\u00e1z Budapest\",\"isPartOf\":{\"@id\":\"https:\/\/lurdyhaz.hu\/en\/#website\"},\"datePublished\":\"2026-03-31T12:33:59+00:00\",\"dateModified\":\"2026-04-24T13:04:44+00:00\",\"breadcrumb\":{\"@id\":\"https:\/\/lurdyhaz.hu\/en\/fenntarthatosag-lurdy-haz\/#breadcrumb\"},\"inLanguage\":\"en-US\",\"potentialAction\":[{\"@type\":\"ReadAction\",\"target\":[\"https:\/\/lurdyhaz.hu\/en\/fenntarthatosag-lurdy-haz\/\"]}]},{\"@type\":\"BreadcrumbList\",\"@id\":\"https:\/\/lurdyhaz.hu\/en\/fenntarthatosag-lurdy-haz\/#breadcrumb\",\"itemListElement\":[{\"@type\":\"ListItem\",\"position\":1,\"name\":\"Home\",\"item\":\"https:\/\/lurdyhaz.hu\/en\/\"},{\"@type\":\"ListItem\",\"position\":2,\"name\":\"Sustainability at Lurdy H\u00e1z\"}]},{\"@type\":\"WebSite\",\"@id\":\"https:\/\/lurdyhaz.hu\/en\/#website\",\"url\":\"https:\/\/lurdyhaz.hu\/en\/\",\"name\":\"Lurdy H\u00e1z Budapest\",\"description\":\"A Lurdy H\u00e1z weboldala.\",\"publisher\":{\"@id\":\"https:\/\/lurdyhaz.hu\/en\/#organization\"},\"potentialAction\":[{\"@type\":\"SearchAction\",\"target\":{\"@type\":\"EntryPoint\",\"urlTemplate\":\"https:\/\/lurdyhaz.hu\/en\/?s={search_term_string}\"},\"query-input\":{\"@type\":\"PropertyValueSpecification\",\"valueRequired\":true,\"valueName\":\"search_term_string\"}}],\"inLanguage\":\"en-US\"},{\"@type\":\"Organization\",\"@id\":\"https:\/\/lurdyhaz.hu\/en\/#organization\",\"name\":\"Lurdy H\u00e1z Budapest\",\"url\":\"https:\/\/lurdyhaz.hu\/en\/\",\"logo\":{\"@type\":\"ImageObject\",\"inLanguage\":\"en-US\",\"@id\":\"https:\/\/lurdyhaz.hu\/en\/#\/schema\/logo\/image\/\",\"url\":\"https:\/\/lurdyhaz.hu\/wp-content\/uploads\/2025\/05\/NYARON-IS-3.png\",\"contentUrl\":\"https:\/\/lurdyhaz.hu\/wp-content\/uploads\/2025\/05\/NYARON-IS-3.png\",\"width\":1920,\"height\":664,\"caption\":\"Lurdy H\u00e1z Budapest\"},\"image\":{\"@id\":\"https:\/\/lurdyhaz.hu\/en\/#\/schema\/logo\/image\/\"},\"sameAs\":[\"https:\/\/www.facebook.com\/lurdybudapest\/\"]}]}<\/script>\n<!-- \/ Yoast SEO Premium plugin. -->","yoast_head_json":{"title":"Sustainability at Lurdy H\u00e1z - Lurdy H\u00e1z Budapest","robots":{"index":"index","follow":"follow","max-snippet":"max-snippet:-1","max-image-preview":"max-image-preview:large","max-video-preview":"max-video-preview:-1"},"canonical":"https:\/\/lurdyhaz.hu\/en\/fenntarthatosag-lurdy-haz\/","og_locale":"en_US","og_type":"article","og_title":"Sustainability at Lurdy H\u00e1z","og_url":"https:\/\/lurdyhaz.hu\/en\/fenntarthatosag-lurdy-haz\/","og_site_name":"Lurdy H\u00e1z Budapest","article_publisher":"https:\/\/www.facebook.com\/lurdybudapest\/","article_modified_time":"2026-04-24T13:04:44+00:00","twitter_card":"summary_large_image","schema":{"@context":"https:\/\/schema.org","@graph":[{"@type":"WebPage","@id":"https:\/\/lurdyhaz.hu\/en\/fenntarthatosag-lurdy-haz\/","url":"https:\/\/lurdyhaz.hu\/en\/fenntarthatosag-lurdy-haz\/","name":"Sustainability at Lurdy H\u00e1z - Lurdy H\u00e1z Budapest","isPartOf":{"@id":"https:\/\/lurdyhaz.hu\/en\/#website"},"datePublished":"2026-03-31T12:33:59+00:00","dateModified":"2026-04-24T13:04:44+00:00","breadcrumb":{"@id":"https:\/\/lurdyhaz.hu\/en\/fenntarthatosag-lurdy-haz\/#breadcrumb"},"inLanguage":"en-US","potentialAction":[{"@type":"ReadAction","target":["https:\/\/lurdyhaz.hu\/en\/fenntarthatosag-lurdy-haz\/"]}]},{"@type":"BreadcrumbList","@id":"https:\/\/lurdyhaz.hu\/en\/fenntarthatosag-lurdy-haz\/#breadcrumb","itemListElement":[{"@type":"ListItem","position":1,"name":"Home","item":"https:\/\/lurdyhaz.hu\/en\/"},{"@type":"ListItem","position":2,"name":"Sustainability at Lurdy H\u00e1z"}]},{"@type":"WebSite","@id":"https:\/\/lurdyhaz.hu\/en\/#website","url":"https:\/\/lurdyhaz.hu\/en\/","name":"Lurdy H\u00e1z Budapest","description":"A Lurdy H\u00e1z weboldala.","publisher":{"@id":"https:\/\/lurdyhaz.hu\/en\/#organization"},"potentialAction":[{"@type":"SearchAction","target":{"@type":"EntryPoint","urlTemplate":"https:\/\/lurdyhaz.hu\/en\/?s={search_term_string}"},"query-input":{"@type":"PropertyValueSpecification","valueRequired":true,"valueName":"search_term_string"}}],"inLanguage":"en-US"},{"@type":"Organization","@id":"https:\/\/lurdyhaz.hu\/en\/#organization","name":"Lurdy H\u00e1z Budapest","url":"https:\/\/lurdyhaz.hu\/en\/","logo":{"@type":"ImageObject","inLanguage":"en-US","@id":"https:\/\/lurdyhaz.hu\/en\/#\/schema\/logo\/image\/","url":"https:\/\/lurdyhaz.hu\/wp-content\/uploads\/2025\/05\/NYARON-IS-3.png","contentUrl":"https:\/\/lurdyhaz.hu\/wp-content\/uploads\/2025\/05\/NYARON-IS-3.png","width":1920,"height":664,"caption":"Lurdy H\u00e1z Budapest"},"image":{"@id":"https:\/\/lurdyhaz.hu\/en\/#\/schema\/logo\/image\/"},"sameAs":["https:\/\/www.facebook.com\/lurdybudapest\/"]}]}},"_links":{"self":[{"href":"https:\/\/lurdyhaz.hu\/en\/wp-json\/wp\/v2\/pages\/10541","targetHints":{"allow":["GET"]}}],"collection":[{"href":"https:\/\/lurdyhaz.hu\/en\/wp-json\/wp\/v2\/pages"}],"about":[{"href":"https:\/\/lurdyhaz.hu\/en\/wp-json\/wp\/v2\/types\/page"}],"author":[{"embeddable":true,"href":"https:\/\/lurdyhaz.hu\/en\/wp-json\/wp\/v2\/users\/3"}],"replies":[{"embeddable":true,"href":"https:\/\/lurdyhaz.hu\/en\/wp-json\/wp\/v2\/comments?post=10541"}],"version-history":[{"count":6,"href":"https:\/\/lurdyhaz.hu\/en\/wp-json\/wp\/v2\/pages\/10541\/revisions"}],"predecessor-version":[{"id":10561,"href":"https:\/\/lurdyhaz.hu\/en\/wp-json\/wp\/v2\/pages\/10541\/revisions\/10561"}],"wp:attachment":[{"href":"https:\/\/lurdyhaz.hu\/en\/wp-json\/wp\/v2\/media?parent=10541"}],"curies":[{"name":"wp","href":"https:\/\/api.w.org\/{rel}","templated":true}]}}